{"id":1160,"date":"2022-11-11T06:57:22","date_gmt":"2022-11-11T06:57:22","guid":{"rendered":"https:\/\/www.ceremoniascadiz.es\/contact\/"},"modified":"2024-10-04T15:18:40","modified_gmt":"2024-10-04T15:18:40","slug":"contact","status":"publish","type":"page","link":"https:\/\/www.ceremoniascadiz.es\/fr\/contact\/","title":{"rendered":"Contact"},"content":{"rendered":"\n<p>Nous mettons \u00e0 votre disposition une \u00e9quipe de c\u00e9l\u00e9brants.<\/p>\n\n<p>Pour une r\u00e9ponse rapide, vous pouvez nous contacter par whatsapp au 699 903 691.<\/p>\n\n<p>Veuillez indiquer :<\/p>\n\n<p>1.- Date de la c\u00e9r\u00e9monie<\/p>\n\n<p>2.- Heure du commencement de la c\u00e9r\u00e9monie:<\/p>\n\n<p>3 &#8211; Nom de la finca, de l&rsquo;h\u00f4tel, du cortijo o\u00f9 il se trouve.<\/p>\n\n<p><\/p>\n\n<p><\/p>\n","protected":false},"excerpt":{"rendered":"<p>Nous mettons \u00e0 votre disposition une \u00e9quipe de c\u00e9l\u00e9brants. Pour une r\u00e9ponse rapide, vous pouvez nous contacter par whatsapp au 699 903 691. Veuillez indiquer : 1.- Date de la c\u00e9r\u00e9monie 2.- Heure du commencement de la c\u00e9r\u00e9monie: 3 &#8211; Nom de la finca, de l&rsquo;h\u00f4tel, du cortijo o\u00f9 il se trouve.<\/p>\n","protected":false},"author":2,"featured_media":1014,"parent":0,"menu_order":0,"comment_status":"closed","ping_status":"closed","template":"","meta":{"footnotes":""},"class_list":["post-1160","page","type-page","status-publish","has-post-thumbnail","hentry"],"yoast_head":"<!-- This site is optimized with the Yoast SEO plugin v27.3 - https:\/\/yoast.com\/product\/yoast-seo-wordpress\/ -->\n<title>Contact - Oficiante Bodas y Ceremonias C\u00e1diz<\/title>\n<meta name=\"description\" content=\"Officiant de c\u00e9r\u00e9monie Cadix : c\u00e9r\u00e9monies personnalis\u00e9es en espagnol, fran\u00e7ais, anglais, italien, portugais, allemand.\" \/>\n<meta name=\"robots\" content=\"index, follow, max-snippet:-1, max-image-preview:large, max-video-preview:-1\" \/>\n<link rel=\"canonical\" href=\"https:\/\/www.ceremoniascadiz.es\/fr\/contact\/\" \/>\n<meta property=\"og:locale\" content=\"fr_FR\" \/>\n<meta property=\"og:type\" content=\"article\" \/>\n<meta property=\"og:title\" content=\"Contact - Oficiante Bodas y Ceremonias C\u00e1diz\" \/>\n<meta property=\"og:description\" content=\"Officiant de c\u00e9r\u00e9monie Cadix : c\u00e9r\u00e9monies personnalis\u00e9es en espagnol, fran\u00e7ais, anglais, italien, portugais, allemand.\" \/>\n<meta property=\"og:url\" content=\"https:\/\/www.ceremoniascadiz.es\/fr\/contact\/\" \/>\n<meta property=\"og:site_name\" content=\"Oficiante Bodas y Ceremonias C\u00e1diz\" \/>\n<meta property=\"article:publisher\" content=\"https:\/\/www.facebook.com\/oficiantedebodas.malaga\" \/>\n<meta property=\"article:modified_time\" content=\"2024-10-04T15:18:40+00:00\" \/>\n<meta property=\"og:image\" content=\"https:\/\/www.ceremoniascadiz.es\/wp-content\/uploads\/2023\/11\/IMG_20220226_114310-scaled.jpg\" \/>\n\t<meta property=\"og:image:width\" content=\"2560\" \/>\n\t<meta property=\"og:image:height\" content=\"1920\" \/>\n\t<meta property=\"og:image:type\" content=\"image\/jpeg\" \/>\n<meta name=\"twitter:card\" content=\"summary_large_image\" \/>\n<script type=\"application\/ld+json\" class=\"yoast-schema-graph\">{\"@context\":\"https:\\\/\\\/schema.org\",\"@graph\":[{\"@type\":\"WebPage\",\"@id\":\"https:\\\/\\\/www.ceremoniascadiz.es\\\/fr\\\/contact\\\/\",\"url\":\"https:\\\/\\\/www.ceremoniascadiz.es\\\/fr\\\/contact\\\/\",\"name\":\"Contact - Oficiante Bodas y Ceremonias C\u00e1diz\",\"isPartOf\":{\"@id\":\"https:\\\/\\\/www.ceremoniascadiz.es\\\/fr\\\/#website\"},\"primaryImageOfPage\":{\"@id\":\"https:\\\/\\\/www.ceremoniascadiz.es\\\/fr\\\/contact\\\/#primaryimage\"},\"image\":{\"@id\":\"https:\\\/\\\/www.ceremoniascadiz.es\\\/fr\\\/contact\\\/#primaryimage\"},\"thumbnailUrl\":\"https:\\\/\\\/www.ceremoniascadiz.es\\\/wp-content\\\/uploads\\\/2023\\\/11\\\/IMG_20220226_114310-scaled.jpg\",\"datePublished\":\"2022-11-11T06:57:22+00:00\",\"dateModified\":\"2024-10-04T15:18:40+00:00\",\"description\":\"Officiant de c\u00e9r\u00e9monie Cadix : c\u00e9r\u00e9monies personnalis\u00e9es en espagnol, fran\u00e7ais, anglais, italien, portugais, allemand.\",\"breadcrumb\":{\"@id\":\"https:\\\/\\\/www.ceremoniascadiz.es\\\/fr\\\/contact\\\/#breadcrumb\"},\"inLanguage\":\"fr-FR\",\"potentialAction\":[{\"@type\":\"ReadAction\",\"target\":[\"https:\\\/\\\/www.ceremoniascadiz.es\\\/fr\\\/contact\\\/\"]}]},{\"@type\":\"ImageObject\",\"inLanguage\":\"fr-FR\",\"@id\":\"https:\\\/\\\/www.ceremoniascadiz.es\\\/fr\\\/contact\\\/#primaryimage\",\"url\":\"https:\\\/\\\/www.ceremoniascadiz.es\\\/wp-content\\\/uploads\\\/2023\\\/11\\\/IMG_20220226_114310-scaled.jpg\",\"contentUrl\":\"https:\\\/\\\/www.ceremoniascadiz.es\\\/wp-content\\\/uploads\\\/2023\\\/11\\\/IMG_20220226_114310-scaled.jpg\",\"width\":2560,\"height\":1920,\"caption\":\"Officiant-celebrant-de-mariages-fran\u00e7ais Fain viejo hacienda fain viejo\"},{\"@type\":\"BreadcrumbList\",\"@id\":\"https:\\\/\\\/www.ceremoniascadiz.es\\\/fr\\\/contact\\\/#breadcrumb\",\"itemListElement\":[{\"@type\":\"ListItem\",\"position\":1,\"name\":\"Portada\",\"item\":\"https:\\\/\\\/www.ceremoniascadiz.es\\\/fr\\\/\"},{\"@type\":\"ListItem\",\"position\":2,\"name\":\"Contact\"}]},{\"@type\":\"WebSite\",\"@id\":\"https:\\\/\\\/www.ceremoniascadiz.es\\\/fr\\\/#website\",\"url\":\"https:\\\/\\\/www.ceremoniascadiz.es\\\/fr\\\/\",\"name\":\"Oficiante Bodas y Ceremonias C\u00e1diz\",\"description\":\"Oficiante de bodas civiles C\u00e1diz\",\"publisher\":{\"@id\":\"https:\\\/\\\/www.ceremoniascadiz.es\\\/fr\\\/#organization\"},\"alternateName\":\"Oficiante C\u00e1diz\",\"potentialAction\":[{\"@type\":\"SearchAction\",\"target\":{\"@type\":\"EntryPoint\",\"urlTemplate\":\"https:\\\/\\\/www.ceremoniascadiz.es\\\/fr\\\/?s={search_term_string}\"},\"query-input\":{\"@type\":\"PropertyValueSpecification\",\"valueRequired\":true,\"valueName\":\"search_term_string\"}}],\"inLanguage\":\"fr-FR\"},{\"@type\":\"Organization\",\"@id\":\"https:\\\/\\\/www.ceremoniascadiz.es\\\/fr\\\/#organization\",\"name\":\"Ceremonias Bodas C\u00e1diz\",\"alternateName\":\"Oficiantes C\u00e1diz\",\"url\":\"https:\\\/\\\/www.ceremoniascadiz.es\\\/fr\\\/\",\"logo\":{\"@type\":\"ImageObject\",\"inLanguage\":\"fr-FR\",\"@id\":\"https:\\\/\\\/www.ceremoniascadiz.es\\\/fr\\\/#\\\/schema\\\/logo\\\/image\\\/\",\"url\":\"https:\\\/\\\/www.ceremoniascadiz.es\\\/wp-content\\\/uploads\\\/2023\\\/11\\\/Sello-oficiantes-Andalucia.png\",\"contentUrl\":\"https:\\\/\\\/www.ceremoniascadiz.es\\\/wp-content\\\/uploads\\\/2023\\\/11\\\/Sello-oficiantes-Andalucia.png\",\"width\":1246,\"height\":1249,\"caption\":\"Ceremonias Bodas C\u00e1diz\"},\"image\":{\"@id\":\"https:\\\/\\\/www.ceremoniascadiz.es\\\/fr\\\/#\\\/schema\\\/logo\\\/image\\\/\"},\"sameAs\":[\"https:\\\/\\\/www.facebook.com\\\/oficiantedebodas.malaga\",\"https:\\\/\\\/www.instagram.com\\\/oficiantes_bodas_malaga\\\/\"]}]}<\/script>\n<!-- \/ Yoast SEO plugin. -->","yoast_head_json":{"title":"Contact - Oficiante Bodas y Ceremonias C\u00e1diz","description":"Officiant de c\u00e9r\u00e9monie Cadix : c\u00e9r\u00e9monies personnalis\u00e9es en espagnol, fran\u00e7ais, anglais, italien, portugais, allemand.","robots":{"index":"index","follow":"follow","max-snippet":"max-snippet:-1","max-image-preview":"max-image-preview:large","max-video-preview":"max-video-preview:-1"},"canonical":"https:\/\/www.ceremoniascadiz.es\/fr\/contact\/","og_locale":"fr_FR","og_type":"article","og_title":"Contact - Oficiante Bodas y Ceremonias C\u00e1diz","og_description":"Officiant de c\u00e9r\u00e9monie Cadix : c\u00e9r\u00e9monies personnalis\u00e9es en espagnol, fran\u00e7ais, anglais, italien, portugais, allemand.","og_url":"https:\/\/www.ceremoniascadiz.es\/fr\/contact\/","og_site_name":"Oficiante Bodas y Ceremonias C\u00e1diz","article_publisher":"https:\/\/www.facebook.com\/oficiantedebodas.malaga","article_modified_time":"2024-10-04T15:18:40+00:00","og_image":[{"width":2560,"height":1920,"url":"https:\/\/www.ceremoniascadiz.es\/wp-content\/uploads\/2023\/11\/IMG_20220226_114310-scaled.jpg","type":"image\/jpeg"}],"twitter_card":"summary_large_image","schema":{"@context":"https:\/\/schema.org","@graph":[{"@type":"WebPage","@id":"https:\/\/www.ceremoniascadiz.es\/fr\/contact\/","url":"https:\/\/www.ceremoniascadiz.es\/fr\/contact\/","name":"Contact - Oficiante Bodas y Ceremonias C\u00e1diz","isPartOf":{"@id":"https:\/\/www.ceremoniascadiz.es\/fr\/#website"},"primaryImageOfPage":{"@id":"https:\/\/www.ceremoniascadiz.es\/fr\/contact\/#primaryimage"},"image":{"@id":"https:\/\/www.ceremoniascadiz.es\/fr\/contact\/#primaryimage"},"thumbnailUrl":"https:\/\/www.ceremoniascadiz.es\/wp-content\/uploads\/2023\/11\/IMG_20220226_114310-scaled.jpg","datePublished":"2022-11-11T06:57:22+00:00","dateModified":"2024-10-04T15:18:40+00:00","description":"Officiant de c\u00e9r\u00e9monie Cadix : c\u00e9r\u00e9monies personnalis\u00e9es en espagnol, fran\u00e7ais, anglais, italien, portugais, allemand.","breadcrumb":{"@id":"https:\/\/www.ceremoniascadiz.es\/fr\/contact\/#breadcrumb"},"inLanguage":"fr-FR","potentialAction":[{"@type":"ReadAction","target":["https:\/\/www.ceremoniascadiz.es\/fr\/contact\/"]}]},{"@type":"ImageObject","inLanguage":"fr-FR","@id":"https:\/\/www.ceremoniascadiz.es\/fr\/contact\/#primaryimage","url":"https:\/\/www.ceremoniascadiz.es\/wp-content\/uploads\/2023\/11\/IMG_20220226_114310-scaled.jpg","contentUrl":"https:\/\/www.ceremoniascadiz.es\/wp-content\/uploads\/2023\/11\/IMG_20220226_114310-scaled.jpg","width":2560,"height":1920,"caption":"Officiant-celebrant-de-mariages-fran\u00e7ais Fain viejo hacienda fain viejo"},{"@type":"BreadcrumbList","@id":"https:\/\/www.ceremoniascadiz.es\/fr\/contact\/#breadcrumb","itemListElement":[{"@type":"ListItem","position":1,"name":"Portada","item":"https:\/\/www.ceremoniascadiz.es\/fr\/"},{"@type":"ListItem","position":2,"name":"Contact"}]},{"@type":"WebSite","@id":"https:\/\/www.ceremoniascadiz.es\/fr\/#website","url":"https:\/\/www.ceremoniascadiz.es\/fr\/","name":"Oficiante Bodas y Ceremonias C\u00e1diz","description":"Oficiante de bodas civiles C\u00e1diz","publisher":{"@id":"https:\/\/www.ceremoniascadiz.es\/fr\/#organization"},"alternateName":"Oficiante C\u00e1diz","potentialAction":[{"@type":"SearchAction","target":{"@type":"EntryPoint","urlTemplate":"https:\/\/www.ceremoniascadiz.es\/fr\/?s={search_term_string}"},"query-input":{"@type":"PropertyValueSpecification","valueRequired":true,"valueName":"search_term_string"}}],"inLanguage":"fr-FR"},{"@type":"Organization","@id":"https:\/\/www.ceremoniascadiz.es\/fr\/#organization","name":"Ceremonias Bodas C\u00e1diz","alternateName":"Oficiantes C\u00e1diz","url":"https:\/\/www.ceremoniascadiz.es\/fr\/","logo":{"@type":"ImageObject","inLanguage":"fr-FR","@id":"https:\/\/www.ceremoniascadiz.es\/fr\/#\/schema\/logo\/image\/","url":"https:\/\/www.ceremoniascadiz.es\/wp-content\/uploads\/2023\/11\/Sello-oficiantes-Andalucia.png","contentUrl":"https:\/\/www.ceremoniascadiz.es\/wp-content\/uploads\/2023\/11\/Sello-oficiantes-Andalucia.png","width":1246,"height":1249,"caption":"Ceremonias Bodas C\u00e1diz"},"image":{"@id":"https:\/\/www.ceremoniascadiz.es\/fr\/#\/schema\/logo\/image\/"},"sameAs":["https:\/\/www.facebook.com\/oficiantedebodas.malaga","https:\/\/www.instagram.com\/oficiantes_bodas_malaga\/"]}]}},"_links":{"self":[{"href":"https:\/\/www.ceremoniascadiz.es\/fr\/wp-json\/wp\/v2\/pages\/1160","targetHints":{"allow":["GET"]}}],"collection":[{"href":"https:\/\/www.ceremoniascadiz.es\/fr\/wp-json\/wp\/v2\/pages"}],"about":[{"href":"https:\/\/www.ceremoniascadiz.es\/fr\/wp-json\/wp\/v2\/types\/page"}],"author":[{"embeddable":true,"href":"https:\/\/www.ceremoniascadiz.es\/fr\/wp-json\/wp\/v2\/users\/2"}],"replies":[{"embeddable":true,"href":"https:\/\/www.ceremoniascadiz.es\/fr\/wp-json\/wp\/v2\/comments?post=1160"}],"version-history":[{"count":1,"href":"https:\/\/www.ceremoniascadiz.es\/fr\/wp-json\/wp\/v2\/pages\/1160\/revisions"}],"predecessor-version":[{"id":1161,"href":"https:\/\/www.ceremoniascadiz.es\/fr\/wp-json\/wp\/v2\/pages\/1160\/revisions\/1161"}],"wp:featuredmedia":[{"embeddable":true,"href":"https:\/\/www.ceremoniascadiz.es\/fr\/wp-json\/wp\/v2\/media\/1014"}],"wp:attachment":[{"href":"https:\/\/www.ceremoniascadiz.es\/fr\/wp-json\/wp\/v2\/media?parent=1160"}],"curies":[{"name":"wp","href":"https:\/\/api.w.org\/{rel}","templated":true}]}}